{"id":9,"date":"2011-04-04T13:59:21","date_gmt":"2011-04-04T13:59:21","guid":{"rendered":"http:\/\/projekty.osu.cz\/mistapameti\/?page_id=9"},"modified":"2025-08-06T10:06:34","modified_gmt":"2025-08-06T10:06:34","slug":"vystupy-projektu","status":"publish","type":"page","link":"https:\/\/mistapameti.osu.cz\/?page_id=9","title":{"rendered":"V\u00fdstupy projektu"},"content":{"rendered":"<p>Na t\u00e9to str\u00e1nce budeme postupn\u011b zve\u0159ej\u0148ovat vybran\u00e9 v\u00fdstupy na\u0161eho projektu. Chceme je t\u00edmto zp\u016fsobem zp\u0159\u00edstupnit co nej\u0161ir\u0161\u00edmu okruhu z\u00e1jemc\u016f. Kl\u00ed\u010dov\u00fdm v\u00fdstupem p\u0159\u00edstupn\u00fdm na t\u011bchto str\u00e1nk\u00e1ch budou interaktivn\u00ed internetov\u00e9 str\u00e1nky s informacemi o v\u00fdvoji a v\u00fdznamu m\u00edstn\u00edch a pom\u00edstn\u00edch n\u00e1zv\u016f ve vybran\u00fdch oblastech na\u0161eho projektu. Po vybr\u00e1n\u00ed oblasti, kter\u00e1 V\u00e1s zaj\u00edm\u00e1, se V\u00e1m zobraz\u00ed <b><a title=\"Mapov\u00e9 v\u00fdstupy\" href=\"http:\/\/projekty.osu.cz\/mistapameti\/?page_id=167\">mapa<\/a><\/b> s n\u00e1zvy m\u00edst a po kliknut\u00ed na n\u00e1zev m\u00edsta se V\u00e1m zobraz\u00ed v\u0161echny dostupn\u00e9 informace v\u00e1\u017e\u00edc\u00ed se ke vzniku, prom\u011bn\u00e1m a sou\u010dasn\u00e9 znalosti n\u00e1zvu (star\u00e9 mapy, fotky, kresby, p\u0159\u00edb\u011bhy, lidov\u00e9 i odborn\u00e9 etymologie). Z\u00e1jemci o tuto interaktivn\u00ed mapu bydl\u00edc\u00ed v oblastech na\u0161eho v\u00fdzkumu budou o spu\u0161t\u011bn\u00ed aplikace informov\u00e1ni v obecn\u00edch a m\u011bstsk\u00fdch zpravodaj\u00edch.<\/p>\n<p>Mezi dal\u0161\u00edmi v\u00fdstupy projektu budou<\/p>\n<ul>\n<li>metodika ochrany m\u00edstn\u00edch a pom\u00edstn\u00edch n\u00e1zv\u016f pro obce a m\u011bsta<\/li>\n<li>metodika vyu\u017eit\u00ed m\u00edstn\u00edch a pom\u00edstn\u00edch n\u00e1zv\u016f ve v\u00fduce m\u00edstn\u00ed historie na z\u00e1kladn\u00edch \u0161kol\u00e1ch<\/li>\n<li>v\u00fdstava dokumentuj\u00edc\u00ed prom\u011bny m\u00edstn\u00edch n\u00e1zv\u016f na \u00fazem\u00ed vybran\u00fdch obc\u00ed a m\u011bst<\/li>\n<li>pr\u016fvodce n\u00e1zvoslov\u00edm m\u00edstn\u00ed krajiny (katalogy k v\u00fdstav\u011b)<\/li>\n<li>odborn\u00e9 \u010dl\u00e1nky a kniha<\/li>\n<\/ul>\n<p><em>Vybran\u00e9 materi\u00e1ly vytvo\u0159en\u00e9 v pr\u016fb\u011bhu \u0159e\u0161en\u00ed projektu:<\/em><\/p>\n<p><a href=\"https:\/\/mistapameti.osu.cz\/wp-content\/uploads\/metodika.pdf\" target=\"_blank\" rel=\"noopener noreferrer\">Certifikovan\u00e1 metodika: Ochrana m\u00edstn\u00edch a pom\u00edstn\u00edch jmen a urbanonym jako zdroje lok\u00e1ln\u00ed, region\u00e1ln\u00ed a n\u00e1rodn\u00ed identity a kulturn\u00edho d\u011bdictv\u00ed (Jaroslav David &#8211; P\u0159emysl M\u00e1cha)<\/a><\/p>\n<p><a href=\"https:\/\/mistapameti.osu.cz\/wp-content\/uploads\/mapa.pdf\" target=\"_blank\" rel=\"noopener noreferrer\">Specializovan\u00e1 mapa pro evidenci a anal\u00fdzu m\u00edstn\u00edch a pom\u00edstn\u00edch n\u00e1zv\u016f ve vztahu ke znalosti, vn\u00edm\u00e1n\u00ed a identit\u011b obyvatel (Jaroslav David &#8211; P\u0159emysl M\u00e1cha)<\/a><\/p>\n<p><a href=\"https:\/\/mistapameti.osu.cz\/wp-content\/uploads\/2012_David_katalogy_Havirov_2_FINAL_2012-12-17.pdf\" target=\"_blank\" rel=\"noopener noreferrer\">Hav\u00ed\u0159ov &#8211; Pam\u011b\u0165 m\u011bsta\/n\u00e1zvy m\u00edst (Jaroslav David)<\/a><\/p>\n<p><a href=\"https:\/\/mistapameti.osu.cz\/wp-content\/uploads\/2012_David_OSTRAVA_2012-11-06.pdf\" target=\"_blank\" rel=\"noopener noreferrer\">Ostrava &#8211; Pam\u011b\u0165 m\u011bsta\/n\u00e1zvy m\u00edst (Jaroslav David)<\/a><\/p>\n<p><a href=\"http:\/\/mistapameti.osu.cz\/wp-content\/uploads\/KNIHA-Mor\u00e1vka-web-aktivn\u00ed-odkazy-OK-2.pdf\" target=\"_blank\" rel=\"noopener noreferrer\">Tajemstv\u00ed v n\u00e1zvech ukryt\u00e1. Mor\u00e1vka, Kr\u00e1sn\u00e1, Pra\u017emo, Ra\u0161kovice, Vy\u0161n\u00ed Lhoty (P\u0159emysl M\u00e1cha)<\/a><\/p>\n<p><a href=\"http:\/\/mistapameti.osu.cz\/wp-content\/uploads\/Kn\u00ed\u017eka-VSACKO-web-aktivn\u00ed-odkazy-OK-2.pdf\" target=\"_blank\" rel=\"noopener noreferrer\">Tajemstv\u00ed v n\u00e1zvech ukryt\u00e1. Velk\u00e9 Karlovice, Karolinka, Nov\u00fd Hrozenkov (P\u0159emysl M\u00e1cha, Vojt\u011bch Bajer)<\/a><\/p>\n<p><a href=\"http:\/\/projekty.osu.cz\/mistapameti\/wp-content\/uploads\/HG-Praha-srpen-2012-PREZENTACE.pdf\" target=\"_blank\" rel=\"noopener noreferrer\">Street Names &#8211; Between Ideology and Cultural Heritage<\/a> (Jaroslav David, konferen\u010dn\u00ed p\u0159\u00edsp\u011bvek)<\/p>\n<p><a href=\"http:\/\/projekty.osu.cz\/mistapameti\/wp-content\/uploads\/SOK-Presov-clanek-J.-David-Ostrava.pdf\" target=\"_blank\" rel=\"noopener noreferrer\">Toponyma a orientace v sou\u010dasn\u00e9m m\u011bstsk\u00e9m prostoru aneb Ztracen ve m\u011bst\u011b<\/a> (Jaroslav David, konferen\u010dn\u00ed p\u0159\u00edsp\u011bvek)<\/p>\n<p><a href=\"http:\/\/projekty.osu.cz\/mistapameti\/wp-content\/uploads\/Mesto-PRAHA-2012.pdf\" target=\"_blank\" rel=\"noopener noreferrer\">Toponymick\u00e9 vytv\u00e1\u0159en\u00ed prostoru budovatelsk\u00e9ho m\u011bsta &#8211; na p\u0159\u00edkladu Hav\u00ed\u0159ova a Ostravy<\/a> (Jaroslav David, konferen\u010dn\u00ed p\u0159\u00edsp\u011bvek)<\/p>\n<p><a href=\"http:\/\/projekty.osu.cz\/mistapameti\/wp-content\/uploads\/velke_karlovice_zprac_podtate-5.pdf\" target=\"_blank\" rel=\"noopener noreferrer\">Uk\u00e1zka pracovn\u00ed verze mapov\u00e9ho zobrazen\u00ed soupisu ve Velk\u00fdch Karlovic\u00edch, \u010d\u00e1st \u00fadol\u00ed Pod\u0165at\u00e9<\/a> (P\u0159emysl M\u00e1cha, Vojt\u011bch Bajer)<\/p>\n","protected":false},"excerpt":{"rendered":"<p>Na t\u00e9to str\u00e1nce budeme postupn\u011b zve\u0159ej\u0148ovat vybran\u00e9 v\u00fdstupy na\u0161eho projektu. Chceme je t\u00edmto zp\u016fsobem zp\u0159\u00edstupnit co nej\u0161ir\u0161\u00edmu okruhu z\u00e1jemc\u016f. Kl\u00ed\u010dov\u00fdm v\u00fdstupem p\u0159\u00edstupn\u00fdm na t\u011bchto str\u00e1nk\u00e1ch budou interaktivn\u00ed internetov\u00e9 str\u00e1nky s informacemi o v\u00fdvoji a v\u00fdznamu m\u00edstn\u00edch a pom\u00edstn\u00edch n\u00e1zv\u016f ve &hellip; <a href=\"https:\/\/mistapameti.osu.cz\/?page_id=9\">Cel\u00fd p\u0159\u00edsp\u011bvek <span class=\"meta-nav\">&rarr;<\/span><\/a><\/p>\n","protected":false},"author":1,"featured_media":68,"parent":0,"menu_order":3,"comment_status":"open","ping_status":"open","template":"","meta":{"ngg_post_thumbnail":0,"footnotes":""},"class_list":["post-9","page","type-page","status-publish","has-post-thumbnail","hentry"],"_links":{"self":[{"href":"https:\/\/mistapameti.osu.cz\/index.php?rest_route=\/wp\/v2\/pages\/9","targetHints":{"allow":["GET"]}}],"collection":[{"href":"https:\/\/mistapameti.osu.cz\/index.php?rest_route=\/wp\/v2\/pages"}],"about":[{"href":"https:\/\/mistapameti.osu.cz\/index.php?rest_route=\/wp\/v2\/types\/page"}],"author":[{"embeddable":true,"href":"https:\/\/mistapameti.osu.cz\/index.php?rest_route=\/wp\/v2\/users\/1"}],"replies":[{"embeddable":true,"href":"https:\/\/mistapameti.osu.cz\/index.php?rest_route=%2Fwp%2Fv2%2Fcomments&post=9"}],"version-history":[{"count":22,"href":"https:\/\/mistapameti.osu.cz\/index.php?rest_route=\/wp\/v2\/pages\/9\/revisions"}],"predecessor-version":[{"id":347,"href":"https:\/\/mistapameti.osu.cz\/index.php?rest_route=\/wp\/v2\/pages\/9\/revisions\/347"}],"wp:featuredmedia":[{"embeddable":true,"href":"https:\/\/mistapameti.osu.cz\/index.php?rest_route=\/wp\/v2\/media\/68"}],"wp:attachment":[{"href":"https:\/\/mistapameti.osu.cz\/index.php?rest_route=%2Fwp%2Fv2%2Fmedia&parent=9"}],"curies":[{"name":"wp","href":"https:\/\/api.w.org\/{rel}","templated":true}]}}