{"id":81,"date":"2011-05-04T12:05:01","date_gmt":"2011-05-04T12:05:01","guid":{"rendered":"http:\/\/projekty.osu.cz\/mistapameti\/?page_id=81"},"modified":"2025-08-06T10:08:13","modified_gmt":"2025-08-06T10:08:13","slug":"uzitecne-odkazy","status":"publish","type":"page","link":"https:\/\/mistapameti.osu.cz\/?page_id=81","title":{"rendered":"U\u017eite\u010dn\u00e9 odkazy"},"content":{"rendered":"<p><strong>Onomastika na internetu<\/strong><\/p>\n<p><a href=\"http:\/\/www.jardavid.ic.cz\/index51.htm\">V\u00fdkladov\u00fd slovn\u00edk onomastick\u00e9 terminologie<\/a><\/p>\n<p><a href=\"http:\/\/www.ujc.cas.cz\/oddeleni\/index.php?page=onomati\">Odd\u011blen\u00ed onomastiky \u00dastavu pro jazyk \u010desk\u00fd AV \u010cR, v.v.i.<\/a><\/p>\n<p><a href=\"http:\/\/www.ujc.cas.cz\/oddeleni\/index.php?page=dialekt\">Odd\u011blen\u00ed dialektologick\u00e9 \u00dastavu pro jazyk \u010desk\u00fd AV \u010cR, v.v.i.<\/a><\/p>\n<p><a href=\"http:\/\/www.icosweb.net\/\">ICOS-the International Council of Onomastic Sciences<\/a><\/p>\n<p><a href=\"http:\/\/www.ceskatelevize.cz\/vysilani\/10168943030-divnopis-aneb-proc-se-to-tak-jmenuje\/\">Divnopis\u00a0 aneb Pro\u010d se to tak jmenuje? (\u010cesk\u00e1 televize)<\/a><\/p>\n<p><a href=\"http:\/\/www.waltersperling.de\/geonamen\/index_einleitung.htm\">N\u011bmeck\u00e1 zem\u011bpisn\u00e1 jm\u00e9na v\u00a0\u010desk\u00fdch zem\u00edch (Geographische Namen in den B\u00f6hmischen L\u00e4ndern)<\/a><\/p>\n<p><a href=\"http:\/\/www.mvcr.cz\/adresa\/index.html\">Ofici\u00e1ln\u00ed seznamy uli\u010dn\u00edch n\u00e1zv\u016f a adres (Ministerstvo vnitra \u010cR)<\/a><\/p>\n<p><strong> <\/strong><\/p>\n<p><strong>Mapov\u00e9 prameny<\/strong><\/p>\n<p><a href=\"http:\/\/oldmaps.geolab.cz\/\">Digitalizovan\u00e9 mapy I. (1764\u20131768, 1780\u20131783) a II. vojensk\u00e9ho mapov\u00e1n\u00ed (1819\u20131858), m\u011b\u0159\u00edtko 1:28 800; v\u00fdznamn\u00fd pramen pro studium pom\u00edstn\u00edch jmen<\/a><\/p>\n<p><a href=\"http:\/\/historickemapy.cuzk.cz\/\">Mapy stabiln\u00edho katastru (tzv. indika\u010dn\u00ed skizzy)<\/a><\/p>\n<p><a href=\"http:\/\/www.cuzk.cz\/\">\u010cesk\u00fd \u00fa\u0159ad zem\u011bm\u011b\u0159i\u010dsk\u00fd a katastr\u00e1ln\u00ed<\/a><\/p>\n<p><strong> <\/strong><\/p>\n<p><strong>Jazykov\u00e9 slovn\u00edky a p\u0159\u00edru\u010dky<\/strong><\/p>\n<p><a href=\"http:\/\/www.slownjk.cz\/slownjkcz\">Slovn\u00edk \u010desko-n\u011bmeck\u00fd Josefa Jungmanna I\u2013V (1835\u20131839)<\/a><\/p>\n<p><a href=\"http:\/\/bara.ujc.cas.cz\/psjc\/\">P\u0159\u00edru\u010dn\u00ed slovn\u00edk jazyka \u010desk\u00e9ho a Kartot\u00e9ka lexik\u00e1ln\u00edho archivu<\/a><\/p>\n<p><a href=\"http:\/\/vokabular.ujc.cas.cz\/\">Slovn\u00edky star\u00e9 \u010de\u0161tiny (Vokabul\u00e1\u0159 webov\u00fd)<\/a><\/p>\n<p><a href=\"http:\/\/germazope.uni-trier.de\/Projekte\/WBB2009\/DWB\/wbgui_py\">Slovn\u00edk brat\u0159\u00ed Grimm\u016f (Deutsches W\u00f6rterbuch)<\/a><\/p>\n<p><strong>Dal\u0161\u00ed zdroje pro onomastiku<\/strong><\/p>\n<p><a href=\"http:\/\/slovniky.korpus.sk\/\">Slovensk\u00e1 m\u00edstn\u00ed jm\u00e9na<\/a><\/p>\n<p><a href=\"http:\/\/www.verwandt.de\/karten\">Atlas s\u00a0vyhled\u00e1va\u010dem v\u00fdskytu p\u0159\u00edjmen\u00ed (N\u011bmecko, Polsko, USA, Velk\u00e1 Brit\u00e1nie atd.)<\/a><\/p>\n<p><a href=\"http:\/\/tyfoza.no-ip.com\/ceskylid\/index.htm\">\u010cesk\u00fd lid (pln\u00e1 verze ro\u010dn\u00edk\u016f 1\u201332 \u010dasopisu \u010cesk\u00fd lid)<\/a><\/p>\n<p><a href=\"http:\/\/nase-rec.ujc.cas.cz\/index.php\">Na\u0161e \u0159e\u010d (pln\u00e1 verze ro\u010dn\u00edk\u016f 1\u201368 \u010dasopisu Na\u0161e \u0159e\u010d)<\/a><\/p>\n<p><strong>Jednotliv\u00e9 obce \u2013 mapy, kroniky, fotografie, historie<\/strong><\/p>\n<p><strong>Ostrava<\/strong><\/p>\n<p><a href=\"http:\/\/gisova.ostrava.cz\/mapy.html\">Mapov\u00fd server Statut\u00e1rn\u00edho m\u011bsta Ostrava<\/a><\/p>\n<p><a href=\"http:\/\/earchiv.ostrava.cz\/amo\/MenuBar.action?_sourcePage=CU1kH4jbCY8gOrtk5f2hadnCz4DyELSr&amp;activ=HLEDANI\">Digit\u00e1ln\u00ed badatelna Archivu m\u011bsta Ostravy (mapy, fotografie, invent\u00e1\u0159e)<\/a><\/p>\n<p><a href=\"http:\/\/www.staraporuba.cz\/\">Star\u00e1 Poruba<\/a><\/p>\n<p><strong>Hav\u00ed\u0159ov<\/strong><\/p>\n<p><a href=\"http:\/\/kronika.knih-havirov.cz\/\">Kronika m\u011bsta Hav\u00ed\u0159ova<\/a><\/p>\n<p><strong>Mor\u00e1vka, Ra\u0161kovice, Kr\u00e1sn\u00e1, Vy\u0161n\u00ed Lhoty, Pra\u017emo<\/strong><\/p>\n<p><a href=\"http:\/\/www.archives.cz\/zao\/frydek-mistek\/home\/badatelna\/index.html\">Kroniky obc\u00ed Mor\u00e1vka, Pra\u017emo, Ra\u0161kovice, Vy\u0161n\u00ed Lhoty<\/a><\/p>\n<p><strong>Velk\u00e9 Karlovice, Karolinka, Nov\u00fd Hrozenkov<\/strong><\/p>\n","protected":false},"excerpt":{"rendered":"<p>Onomastika na internetu V\u00fdkladov\u00fd slovn\u00edk onomastick\u00e9 terminologie Odd\u011blen\u00ed onomastiky \u00dastavu pro jazyk \u010desk\u00fd AV \u010cR, v.v.i. Odd\u011blen\u00ed dialektologick\u00e9 \u00dastavu pro jazyk \u010desk\u00fd AV \u010cR, v.v.i. ICOS-the International Council of Onomastic Sciences Divnopis\u00a0 aneb Pro\u010d se to tak jmenuje? (\u010cesk\u00e1 televize) &hellip; <a href=\"https:\/\/mistapameti.osu.cz\/?page_id=81\">Cel\u00fd p\u0159\u00edsp\u011bvek <span class=\"meta-nav\">&rarr;<\/span><\/a><\/p>\n","protected":false},"author":2,"featured_media":68,"parent":0,"menu_order":6,"comment_status":"closed","ping_status":"open","template":"","meta":{"ngg_post_thumbnail":0,"footnotes":""},"class_list":["post-81","page","type-page","status-publish","has-post-thumbnail","hentry"],"_links":{"self":[{"href":"https:\/\/mistapameti.osu.cz\/index.php?rest_route=\/wp\/v2\/pages\/81","targetHints":{"allow":["GET"]}}],"collection":[{"href":"https:\/\/mistapameti.osu.cz\/index.php?rest_route=\/wp\/v2\/pages"}],"about":[{"href":"https:\/\/mistapameti.osu.cz\/index.php?rest_route=\/wp\/v2\/types\/page"}],"author":[{"embeddable":true,"href":"https:\/\/mistapameti.osu.cz\/index.php?rest_route=\/wp\/v2\/users\/2"}],"replies":[{"embeddable":true,"href":"https:\/\/mistapameti.osu.cz\/index.php?rest_route=%2Fwp%2Fv2%2Fcomments&post=81"}],"version-history":[{"count":1,"href":"https:\/\/mistapameti.osu.cz\/index.php?rest_route=\/wp\/v2\/pages\/81\/revisions"}],"predecessor-version":[{"id":82,"href":"https:\/\/mistapameti.osu.cz\/index.php?rest_route=\/wp\/v2\/pages\/81\/revisions\/82"}],"wp:featuredmedia":[{"embeddable":true,"href":"https:\/\/mistapameti.osu.cz\/index.php?rest_route=\/wp\/v2\/media\/68"}],"wp:attachment":[{"href":"https:\/\/mistapameti.osu.cz\/index.php?rest_route=%2Fwp%2Fv2%2Fmedia&parent=81"}],"curies":[{"name":"wp","href":"https:\/\/api.w.org\/{rel}","templated":true}]}}