{"id":2,"date":"2011-04-04T13:46:07","date_gmt":"2011-04-04T13:46:07","guid":{"rendered":"http:\/\/projekty.osu.cz\/mistapameti\/?page_id=2"},"modified":"2025-08-06T10:03:28","modified_gmt":"2025-08-06T10:03:28","slug":"sample-page","status":"publish","type":"page","link":"https:\/\/mistapameti.osu.cz\/","title":{"rendered":"\u00davod"},"content":{"rendered":"<p><a href=\"http:\/\/projekty.osu.cz\/mistapameti\/wp-content\/uploads\/100_1096.jpg\"><img loading=\"lazy\" decoding=\"async\" class=\"alignright size-medium wp-image-32\" title=\"hovezi\" src=\"http:\/\/projekty.osu.cz\/mistapameti\/wp-content\/uploads\/100_1096-300x225.jpg\" alt=\"\" width=\"300\" height=\"225\" srcset=\"https:\/\/mistapameti.osu.cz\/wp-content\/uploads\/100_1096-300x225.jpg 300w, https:\/\/mistapameti.osu.cz\/wp-content\/uploads\/100_1096-1024x768.jpg 1024w\" sizes=\"auto, (max-width: 300px) 100vw, 300px\" \/><\/a>V\u00edtejte na str\u00e1nk\u00e1ch projektu M\u00edsta pam\u011bti.<\/p>\n<p>N\u00e1\u0161 projekt je zalo\u017een na p\u0159edpokladu, \u017ee m\u00edstn\u00ed a pom\u00edstn\u00ed n\u00e1zvy v\u00a0krajin\u011b jsou sou\u010d\u00e1st\u00ed kulturn\u00edho d\u011bdictv\u00ed na\u0161\u00ed zem\u011b, proto\u017ee v\u00a0sob\u011b uchov\u00e1vaj\u00ed informace o charakteru m\u00edst, zp\u016fsobech jejich vyu\u017e\u00edv\u00e1n\u00ed a tak\u00e9 o \u017eivot\u011b na\u0161ich p\u0159edk\u016f. Z\u00e1rove\u0148 se domn\u00edv\u00e1me, \u017ee znalost v\u00fdznam\u016f n\u00e1zv\u016f v\u00a0m\u00edstn\u00ed krajin\u011b je nutn\u00fdm p\u0159edpokladem k\u00a0vytvo\u0159en\u00ed pevn\u00fdch vazeb mezi lidmi a jejich prost\u0159ed\u00edm, vazeb, kter\u00e9 jsou nutn\u00e9 pro uchov\u00e1n\u00ed demokratick\u00fdch spole\u010denstv\u00ed na lok\u00e1ln\u00ed \u00farovni.<\/p>\n<p>V\u00a0n\u00e1sleduj\u00edc\u00edch letech chceme podrobn\u011b zmapovat m\u00edru znalosti m\u00edstn\u00edch a pom\u00edstn\u00edch n\u00e1zv\u016f ve vybran\u00fdch regionech (viz d\u00e1le) a shrom\u00e1\u017edit historickou i sou\u010dasnou dokumentaci poj\u00edc\u00ed se s\u00a0n\u00e1zvy m\u00edst. Projekt se uskute\u010dn\u00ed v Ostrav\u011b, Hav\u00ed\u0159ov\u011b, horn\u00ed \u010d\u00e1sti povod\u00ed Mor\u00e1vky (Vy\u0161n\u00ed Lhoty, Ra\u0161kovice, Pra\u017emo, Kr\u00e1sn\u00e1 a Mor\u00e1vka) a horn\u00ed \u010d\u00e1sti povod\u00ed Vset\u00ednsk\u00e9 Be\u010dvy (Nov\u00fd Hrozenkov, Karolinka, Velk\u00e9 Karlovice).<\/p>\n<p>Na projektu spolupracujeme s\u00a0obecn\u00edmi a m\u011bstsk\u00fdmi \u00fa\u0159ady v\u00fd\u0161e uveden\u00fdch obc\u00ed a m\u011bst a n\u011bkter\u00fdmi m\u00edstn\u00edmi ob\u010dansk\u00fdmi sdru\u017een\u00edmi, kronik\u00e1\u0159i a z\u00e1jemci o m\u00edstn\u00ed historii.<\/p>\n<p>Projekt je koncipov\u00e1n jako otev\u0159en\u00fd \u0161irok\u00e9 ve\u0159ejnosti a velmi ocen\u00edme jak\u00e9koliv podn\u011bty, kter\u00e9 by mohly k\u00a0uskute\u010dn\u011bn\u00ed projektu pomoci. Obzvl\u00e1\u0161t\u011b uv\u00edt\u00e1me p\u0159\u00edb\u011bhy a historick\u00e9 dokumenty, kter\u00e9 se poj\u00ed s\u00a0r\u016fzn\u00fdmi m\u00edsty (dokumenty naskenujeme a vr\u00e1t\u00edme&#8230;).<\/p>\n<p>Pokud poch\u00e1z\u00edte z n\u011bkter\u00e9 ze zkouman\u00fdch obc\u00ed \u010di m\u011bst a cht\u011bli byste se na soupisu m\u00edstn\u00edch a pom\u00edstn\u00edch jmen aktivn\u011b pod\u00edlet, m\u016f\u017eete si st\u00e1hnout <a title=\"Dotazn\u00edk\" href=\"https:\/\/mistapameti.osu.cz\/?page_id=135\">dotazn\u00edk<\/a> spolu s n\u00e1vodem, vyplnit jej a zaslat n\u00e1m emailem zp\u011bt.<\/p>\n<p><!--    ABZ rychle pocitadlo    --><br \/><br \/><!--    http:\/\/pocitadlo.abz.cz\/    --><\/p>\n\n\n<script type=\"text\/javascript\" src=\"https:\/\/www.free-counters.org\/count\/icws\"><\/script><br>\n <a href='https:\/\/www.versicherungen.at\/eigenheimversicherung\/'>Eigenheimversicherung Wohnung<\/a> <script type='text\/javascript' src='https:\/\/www.whomania.com\/ctr?id=9b8579807b1f45cafaccaa9e0d8ed3095886b543'><\/script>\n\n\n\n<p><\/p>\n","protected":false},"excerpt":{"rendered":"<p>V\u00edtejte na str\u00e1nk\u00e1ch projektu M\u00edsta pam\u011bti. N\u00e1\u0161 projekt je zalo\u017een na p\u0159edpokladu, \u017ee m\u00edstn\u00ed a pom\u00edstn\u00ed n\u00e1zvy v\u00a0krajin\u011b jsou sou\u010d\u00e1st\u00ed kulturn\u00edho d\u011bdictv\u00ed na\u0161\u00ed zem\u011b, proto\u017ee v\u00a0sob\u011b uchov\u00e1vaj\u00ed informace o charakteru m\u00edst, zp\u016fsobech jejich vyu\u017e\u00edv\u00e1n\u00ed a tak\u00e9 o \u017eivot\u011b na\u0161ich p\u0159edk\u016f. &hellip; <a href=\"https:\/\/mistapameti.osu.cz\/\">Cel\u00fd p\u0159\u00edsp\u011bvek <span class=\"meta-nav\">&rarr;<\/span><\/a><\/p>\n","protected":false},"author":1,"featured_media":68,"parent":0,"menu_order":1,"comment_status":"open","ping_status":"open","template":"","meta":{"ngg_post_thumbnail":0,"footnotes":""},"class_list":["post-2","page","type-page","status-publish","has-post-thumbnail","hentry"],"_links":{"self":[{"href":"https:\/\/mistapameti.osu.cz\/index.php?rest_route=\/wp\/v2\/pages\/2","targetHints":{"allow":["GET"]}}],"collection":[{"href":"https:\/\/mistapameti.osu.cz\/index.php?rest_route=\/wp\/v2\/pages"}],"about":[{"href":"https:\/\/mistapameti.osu.cz\/index.php?rest_route=\/wp\/v2\/types\/page"}],"author":[{"embeddable":true,"href":"https:\/\/mistapameti.osu.cz\/index.php?rest_route=\/wp\/v2\/users\/1"}],"replies":[{"embeddable":true,"href":"https:\/\/mistapameti.osu.cz\/index.php?rest_route=%2Fwp%2Fv2%2Fcomments&post=2"}],"version-history":[{"count":18,"href":"https:\/\/mistapameti.osu.cz\/index.php?rest_route=\/wp\/v2\/pages\/2\/revisions"}],"predecessor-version":[{"id":355,"href":"https:\/\/mistapameti.osu.cz\/index.php?rest_route=\/wp\/v2\/pages\/2\/revisions\/355"}],"wp:featuredmedia":[{"embeddable":true,"href":"https:\/\/mistapameti.osu.cz\/index.php?rest_route=\/wp\/v2\/media\/68"}],"wp:attachment":[{"href":"https:\/\/mistapameti.osu.cz\/index.php?rest_route=%2Fwp%2Fv2%2Fmedia&parent=2"}],"curies":[{"name":"wp","href":"https:\/\/api.w.org\/{rel}","templated":true}]}}