{"id":135,"date":"2012-02-08T17:50:48","date_gmt":"2012-02-08T17:50:48","guid":{"rendered":"http:\/\/projekty.osu.cz\/mistapameti\/?page_id=135"},"modified":"2025-08-06T09:44:47","modified_gmt":"2025-08-06T09:44:47","slug":"dotaznik","status":"publish","type":"page","link":"https:\/\/mistapameti.osu.cz\/?page_id=135","title":{"rendered":"Dotazn\u00edk"},"content":{"rendered":"<p>Pokud poch\u00e1z\u00edte z jedn\u00e9 ze zkouman\u00fdch obc\u00ed nebo m\u011bst (viz <a title=\"O projektu\" href=\"http:\/\/projekty.osu.cz\/mistapameti\/?page_id=7\">O projektu<\/a>) nebo k t\u011bmto obc\u00edm a m\u011bst\u016fm m\u00e1te jin\u00fd bl\u00edzk\u00fd vztah a chcete se aktivn\u011b zapojit do sb\u011bru m\u00edstn\u00edch a pom\u00edstn\u00edch jmen, m\u016f\u017eete si st\u00e1hnout a vyplnit dotazn\u00edk a ten n\u00e1m pak zaslat mailem nebo po\u0161tou, p\u0159\u00edpadn\u011b spolu s mapkou. Velice uv\u00edt\u00e1me tuto formu spolupr\u00e1ce, pop\u0159. dal\u0161\u00ed \u0161\u00ed\u0159en\u00ed dotazn\u00edku spolu s p\u0159ilo\u017een\u00fdmi instrukcemi.<\/p>\n<p>Dotazn\u00edk a instrukce pro jeho vypln\u011bn\u00ed naleznete n\u00ed\u017ee:<\/p>\n<p><strong>M\u011bsta a m\u011bstsk\u00e9 \u010d\u00e1sti:<\/strong><\/p>\n<p><a href=\"http:\/\/projekty.osu.cz\/mistapameti\/wp-content\/uploads\/infodotaznikmesto.doc\">Instrukce pro m\u011bsta<\/a><\/p>\n<p><a href=\"http:\/\/projekty.osu.cz\/mistapameti\/wp-content\/uploads\/dotaznikmesto.doc\">Dotazn\u00edk pro m\u011bsta<\/a><\/p>\n<p><strong>Obce a vesnick\u00e9 lokality<\/strong>:<\/p>\n<p><a href=\"http:\/\/projekty.osu.cz\/mistapameti\/wp-content\/uploads\/infodotaznikvesnice.docx\">Instrukce pro vesnick\u00e9 lokality<\/a><\/p>\n<p><a href=\"http:\/\/projekty.osu.cz\/mistapameti\/wp-content\/uploads\/dotaznikvesnice.doc\">Dotazn\u00edk pro vesnick\u00e9 lokality<\/a><\/p>\n","protected":false},"excerpt":{"rendered":"<p>Pokud poch\u00e1z\u00edte z jedn\u00e9 ze zkouman\u00fdch obc\u00ed nebo m\u011bst (viz O projektu) nebo k t\u011bmto obc\u00edm a m\u011bst\u016fm m\u00e1te jin\u00fd bl\u00edzk\u00fd vztah a chcete se aktivn\u011b zapojit do sb\u011bru m\u00edstn\u00edch a pom\u00edstn\u00edch jmen, m\u016f\u017eete si st\u00e1hnout a vyplnit dotazn\u00edk a &hellip; <a href=\"https:\/\/mistapameti.osu.cz\/?page_id=135\">Cel\u00fd p\u0159\u00edsp\u011bvek <span class=\"meta-nav\">&rarr;<\/span><\/a><\/p>\n","protected":false},"author":2,"featured_media":68,"parent":0,"menu_order":0,"comment_status":"closed","ping_status":"open","template":"","meta":{"ngg_post_thumbnail":0,"footnotes":""},"class_list":["post-135","page","type-page","status-publish","has-post-thumbnail","hentry"],"_links":{"self":[{"href":"https:\/\/mistapameti.osu.cz\/index.php?rest_route=\/wp\/v2\/pages\/135","targetHints":{"allow":["GET"]}}],"collection":[{"href":"https:\/\/mistapameti.osu.cz\/index.php?rest_route=\/wp\/v2\/pages"}],"about":[{"href":"https:\/\/mistapameti.osu.cz\/index.php?rest_route=\/wp\/v2\/types\/page"}],"author":[{"embeddable":true,"href":"https:\/\/mistapameti.osu.cz\/index.php?rest_route=\/wp\/v2\/users\/2"}],"replies":[{"embeddable":true,"href":"https:\/\/mistapameti.osu.cz\/index.php?rest_route=%2Fwp%2Fv2%2Fcomments&post=135"}],"version-history":[{"count":6,"href":"https:\/\/mistapameti.osu.cz\/index.php?rest_route=\/wp\/v2\/pages\/135\/revisions"}],"predecessor-version":[{"id":357,"href":"https:\/\/mistapameti.osu.cz\/index.php?rest_route=\/wp\/v2\/pages\/135\/revisions\/357"}],"wp:featuredmedia":[{"embeddable":true,"href":"https:\/\/mistapameti.osu.cz\/index.php?rest_route=\/wp\/v2\/media\/68"}],"wp:attachment":[{"href":"https:\/\/mistapameti.osu.cz\/index.php?rest_route=%2Fwp%2Fv2%2Fmedia&parent=135"}],"curies":[{"name":"wp","href":"https:\/\/api.w.org\/{rel}","templated":true}]}}